{"id":231954,"date":"2020-09-02T08:28:58","date_gmt":"2020-09-02T06:28:58","guid":{"rendered":"https:\/\/roizizo.studio-piknik.com\/roizizo\/?page_id=231954"},"modified":"2020-09-10T13:47:42","modified_gmt":"2020-09-10T11:47:42","slug":"les-a-cotes","status":"publish","type":"page","link":"https:\/\/roizizo.studio-piknik.com\/roizizo\/les-a-cotes\/","title":{"rendered":"Les \u00c0-cot\u00e9s"},"content":{"rendered":"<p>[et_pb_section fb_built=\u00a0\u00bb1&Prime; custom_padding_last_edited=\u00a0\u00bbon|tablet\u00a0\u00bb admin_label=\u00a0\u00bbConteneur Les \u00c0-cot\u00e9s\u00a0\u00bb _builder_version=\u00a0\u00bb4.6.0&Prime; _module_preset=\u00a0\u00bbdefault\u00a0\u00bb background_color=\u00a0\u00bbrgba(0,0,0,0)\u00a0\u00bb custom_padding=\u00a0\u00bb150px|2%|7%|2%|false|false\u00a0\u00bb custom_padding_tablet=\u00a0\u00bb250px||||false|false\u00a0\u00bb custom_padding_phone=\u00a0\u00bb\u00a0\u00bb][et_pb_row custom_padding_last_edited=\u00a0\u00bbon|phone\u00a0\u00bb _builder_version=\u00a0\u00bb4.6.0&Prime; _module_preset=\u00a0\u00bbdefault\u00a0\u00bb background_color=\u00a0\u00bbrgba(0,0,0,0)\u00a0\u00bb width_tablet=\u00a0\u00bb\u00a0\u00bb width_phone=\u00a0\u00bb90%\u00a0\u00bb width_last_edited=\u00a0\u00bbon|phone\u00a0\u00bb custom_margin=\u00a0\u00bb||||false|false\u00a0\u00bb custom_padding=\u00a0\u00bb|5%||5%|false|true\u00a0\u00bb custom_padding_tablet=\u00a0\u00bb||||false|true\u00a0\u00bb custom_padding_phone=\u00a0\u00bb|0px||0px|false|true\u00a0\u00bb][et_pb_column type=\u00a0\u00bb4_4&Prime; _builder_version=\u00a0\u00bb4.6.0&Prime; _module_preset=\u00a0\u00bbdefault\u00a0\u00bb][et_pb_text admin_label=\u00a0\u00bbTitre Les \u00c0-cot\u00e9s\u00a0\u00bb _builder_version=\u00a0\u00bb4.6.0&Prime; _module_preset=\u00a0\u00bb96db9a15-0d64-40ed-bbfd-c8bbceff610f\u00a0\u00bb custom_padding=\u00a0\u00bb||||false|false\u00a0\u00bb]<\/p>\n<h1>Les \u00c0-cot\u00e9s<\/h1>\n<p>[\/et_pb_text][et_pb_toggle title=\u00a0\u00bbPanique au parc\u00a0\u00bb icon_color=\u00a0\u00bb#000000&Prime; admin_label=\u00a0\u00bbA cot\u00e9 1&Prime; _builder_version=\u00a0\u00bb4.6.0&Prime; _module_preset=\u00a0\u00bbdefault\u00a0\u00bb title_text_color=\u00a0\u00bb#ffed00&Prime; title_font=\u00a0\u00bbBarlow Condensed||||||||\u00a0\u00bb title_font_size=\u00a0\u00bb56px\u00a0\u00bb body_font=\u00a0\u00bbRoboto||||||||\u00a0\u00bb body_text_color=\u00a0\u00bb#393838&Prime; body_font_size=\u00a0\u00bb14px\u00a0\u00bb background_color=\u00a0\u00bbrgba(0,0,0,0)\u00a0\u00bb hover_enabled=\u00a0\u00bb0&Prime; border_width_all=\u00a0\u00bb0px\u00a0\u00bb border_color_all=\u00a0\u00bb#393838&Prime; border_width_top=\u00a0\u00bb1px\u00a0\u00bb border_color_top=\u00a0\u00bb#707070&Prime; border_width_bottom=\u00a0\u00bb1px\u00a0\u00bb border_color_bottom=\u00a0\u00bb#707070&Prime; sticky_enabled=\u00a0\u00bb0&Prime;]<\/p>\n<p><img decoding=\"async\" loading=\"lazy\" class=\"wp-image-231981 size-medium alignleft\" style=\"border: 7px solid #FFED00; margin-bottom: 10px;\" src=\"https:\/\/roizizo.studio-piknik.com\/roizizo\/wp-content\/uploads\/2020\/09\/panique-au-parc-2019-300x225.jpg\" alt=\"\" width=\"300\" height=\"225\" \/>Le collectif Panique au Parc tel qu\u2019il s\u2019\u00e9tait con\u00e7u pour l\u2019\u00e9dition off du festival Mondial des th\u00e9\u00e2tres de marionnettes de Charleville-Mezi\u00e8res en 2019, se retrouve en juillet pour envisager la 2\u00e8 \u00e9dition qui aura lieu entre le 17 et le 26 septembre 2021. Panique au Parc co-organis\u00e9 par les compagnies Bak\u00e9lite, RoiZIZO th\u00e9\u00e2tre ainsi que le collectif Zarmine et le bureau de production Hectores travaille au nouveau projet et \u00e0 l\u2019\u00e9laboration du pr\u00e9-programme.<br \/>La ligne artistique de Panique au Parc est ax\u00e9e sur le th\u00e9\u00e2tre d\u2019objet et ses formes approchantes, avec une attention particuli\u00e8re aux \u00e9quipes venant de Bretagne et du Grand Ouest.<br \/>Plus de 15 spectacles chaque jour, sous d\u00f4me, sous tentes, en caravanes et en ext\u00e9rieur. Les spectacles sont pour la plupart des formes courtes destin\u00e9es au tout public, et des cr\u00e9ations \u00e9crites sp\u00e9cifiquement pour le jeune public.<\/p>\n<p><strong>plus d\u2019info :<\/strong> <a href=\"https:\/\/www.compagnie-bakelite.com\/panique-au-parc2\" target=\"_blank\" rel=\"noopener noreferrer\">www.compagnie-bakelite.com\/panique-au-parc2<\/a><br \/><a href=\"mailto:contact@roizizo.fr\">contact@roizizo.fr<\/a><\/p>\n<p>[\/et_pb_toggle][et_pb_toggle title=\u00a0\u00bbA cot\u00e9 2&Prime; icon_color=\u00a0\u00bb#000000&Prime; admin_label=\u00a0\u00bbA cot\u00e9 2&Prime; _builder_version=\u00a0\u00bb4.6.0&Prime; _module_preset=\u00a0\u00bbdefault\u00a0\u00bb title_text_color=\u00a0\u00bb#ffed00&Prime; title_font=\u00a0\u00bbBarlow Condensed||||||||\u00a0\u00bb title_font_size=\u00a0\u00bb56px\u00a0\u00bb body_font=\u00a0\u00bbRoboto||||||||\u00a0\u00bb body_text_color=\u00a0\u00bb#393838&Prime; body_font_size=\u00a0\u00bb14px\u00a0\u00bb background_color=\u00a0\u00bbrgba(0,0,0,0)\u00a0\u00bb custom_padding=\u00a0\u00bb0px||||false|false\u00a0\u00bb border_width_all=\u00a0\u00bb0px\u00a0\u00bb border_color_all=\u00a0\u00bb#393838&Prime; border_color_top=\u00a0\u00bb#707070&Prime; border_width_bottom=\u00a0\u00bb1px\u00a0\u00bb border_color_bottom=\u00a0\u00bb#707070&Prime;]<\/p>\n<p><img decoding=\"async\" loading=\"lazy\" class=\"wp-image-231981 size-medium alignleft\" style=\"border: 7px solid #FFED00; margin-bottom: 10px;\" src=\"https:\/\/roizizo.studio-piknik.com\/roizizo\/wp-content\/uploads\/2020\/09\/panique-au-parc-2019-300x225.jpg\" alt=\"\" width=\"300\" height=\"225\" \/>Le collectif Panique au Parc tel qu\u2019il s\u2019\u00e9tait con\u00e7u pour l\u2019\u00e9dition off du festival Mondial des th\u00e9\u00e2tres de marionnettes de Charleville-Mezi\u00e8res en 2019, se retrouve en juillet pour envisager la 2\u00e8 \u00e9dition qui aura lieu entre le 17 et le 26 septembre 2021. Panique au Parc co-organis\u00e9 par les compagnies Bak\u00e9lite, RoiZIZO th\u00e9\u00e2tre ainsi que le collectif Zarmine et le bureau de production Hectores travaille au nouveau projet et \u00e0 l\u2019\u00e9laboration du pr\u00e9-programme.<br \/>La ligne artistique de Panique au Parc est ax\u00e9e sur le th\u00e9\u00e2tre d\u2019objet et ses formes approchantes, avec une attention particuli\u00e8re aux \u00e9quipes venant de Bretagne et du Grand Ouest.<br \/>Plus de 15 spectacles chaque jour, sous d\u00f4me, sous tentes, en caravanes et en ext\u00e9rieur. Les spectacles sont pour la plupart des formes courtes destin\u00e9es au tout public, et des cr\u00e9ations \u00e9crites sp\u00e9cifiquement pour le jeune public.<\/p>\n<p><strong>plus d\u2019info :<\/strong> <a href=\"https:\/\/www.compagnie-bakelite.com\/panique-au-parc2\" target=\"_blank\" rel=\"noopener noreferrer\">www.compagnie-bakelite.com\/panique-au-parc2<\/a><br \/><a href=\"mailto:contact@roizizo.fr\">contact@roizizo.fr<\/a><\/p>\n<p>[\/et_pb_toggle][\/et_pb_column][\/et_pb_row][\/et_pb_section]<\/p>\n","protected":false},"excerpt":{"rendered":"<p>Les \u00c0-cot\u00e9sLe collectif Panique au Parc tel qu\u2019il s\u2019\u00e9tait con\u00e7u pour l\u2019\u00e9dition off du festival Mondial des th\u00e9\u00e2tres de marionnettes de Charleville-Mezi\u00e8res en 2019, se retrouve en juillet pour envisager la 2\u00e8 \u00e9dition qui aura lieu entre le 17 et le 26 septembre 2021. Panique au Parc co-organis\u00e9 par les compagnies Bak\u00e9lite, RoiZIZO th\u00e9\u00e2tre ainsi [&hellip;]<\/p>\n","protected":false},"author":1,"featured_media":0,"parent":0,"menu_order":0,"comment_status":"closed","ping_status":"closed","template":"","meta":{"_et_pb_use_builder":"on","_et_pb_old_content":"","_et_gb_content_width":""},"_links":{"self":[{"href":"https:\/\/roizizo.studio-piknik.com\/roizizo\/wp-json\/wp\/v2\/pages\/231954"}],"collection":[{"href":"https:\/\/roizizo.studio-piknik.com\/roizizo\/wp-json\/wp\/v2\/pages"}],"about":[{"href":"https:\/\/roizizo.studio-piknik.com\/roizizo\/wp-json\/wp\/v2\/types\/page"}],"author":[{"embeddable":true,"href":"https:\/\/roizizo.studio-piknik.com\/roizizo\/wp-json\/wp\/v2\/users\/1"}],"replies":[{"embeddable":true,"href":"https:\/\/roizizo.studio-piknik.com\/roizizo\/wp-json\/wp\/v2\/comments?post=231954"}],"version-history":[{"count":37,"href":"https:\/\/roizizo.studio-piknik.com\/roizizo\/wp-json\/wp\/v2\/pages\/231954\/revisions"}],"predecessor-version":[{"id":233028,"href":"https:\/\/roizizo.studio-piknik.com\/roizizo\/wp-json\/wp\/v2\/pages\/231954\/revisions\/233028"}],"wp:attachment":[{"href":"https:\/\/roizizo.studio-piknik.com\/roizizo\/wp-json\/wp\/v2\/media?parent=231954"}],"curies":[{"name":"wp","href":"https:\/\/api.w.org\/{rel}","templated":true}]}}