{"id":231624,"date":"2020-08-28T17:43:58","date_gmt":"2020-08-28T15:43:58","guid":{"rendered":"https:\/\/roizizo.studio-piknik.com\/roizizo\/?page_id=231624"},"modified":"2020-10-02T16:54:31","modified_gmt":"2020-10-02T14:54:31","slug":"le-projet","status":"publish","type":"page","link":"https:\/\/roizizo.studio-piknik.com\/roizizo\/le-projet\/","title":{"rendered":"Le projet"},"content":{"rendered":"<p>[et_pb_section fb_built=\u00a0\u00bb1&Prime; custom_padding_last_edited=\u00a0\u00bbon|tablet\u00a0\u00bb admin_label=\u00a0\u00bbConteneur\u00a0\u00bb _builder_version=\u00a0\u00bb4.6.0&Prime; _module_preset=\u00a0\u00bbdefault\u00a0\u00bb background_color=\u00a0\u00bbrgba(0,0,0,0)\u00a0\u00bb custom_padding=\u00a0\u00bb150px||7%||false|false\u00a0\u00bb custom_padding_tablet=\u00a0\u00bb250px||||false|false\u00a0\u00bb custom_padding_phone=\u00a0\u00bb\u00a0\u00bb][et_pb_row _builder_version=\u00a0\u00bb4.6.0&Prime; _module_preset=\u00a0\u00bbdefault\u00a0\u00bb background_color=\u00a0\u00bbrgba(0,0,0,0)\u00a0\u00bb width_tablet=\u00a0\u00bb\u00a0\u00bb width_phone=\u00a0\u00bb90%\u00a0\u00bb width_last_edited=\u00a0\u00bbon|phone\u00a0\u00bb custom_padding=\u00a0\u00bb|5%||5%|false|true\u00a0\u00bb hover_enabled=\u00a0\u00bb0&Prime; sticky_enabled=\u00a0\u00bb0&Prime;][et_pb_column type=\u00a0\u00bb4_4&Prime; _builder_version=\u00a0\u00bb4.6.0&Prime; _module_preset=\u00a0\u00bbdefault\u00a0\u00bb][et_pb_text admin_label=\u00a0\u00bbTitre le projet\u00a0\u00bb _builder_version=\u00a0\u00bb4.6.0&Prime; _module_preset=\u00a0\u00bb96db9a15-0d64-40ed-bbfd-c8bbceff610f\u00a0\u00bb custom_padding=\u00a0\u00bb||||false|false\u00a0\u00bb]<\/p>\n<h1>Le projet<\/h1>\n<p>[\/et_pb_text][et_pb_text admin_label=\u00a0\u00bbTexte le projet\u00a0\u00bb _builder_version=\u00a0\u00bb4.6.5&Prime; _module_preset=\u00a0\u00bb43bcf397-1d6a-4276-9e70-ac7fb30537e9&Prime; background_image=\u00a0\u00bbhttps:\/\/roizizo.studio-piknik.com\/roizizo\/wp-content\/uploads\/2020\/08\/eclair_fond_texte.jpg\u00a0\u00bb background_enable_image=\u00a0\u00bbon\u00a0\u00bb background_size=\u00a0\u00bbcontain\u00a0\u00bb custom_padding=\u00a0\u00bb77px||77px||true|false\u00a0\u00bb background_last_edited=\u00a0\u00bbon|phone\u00a0\u00bb background_enable_image_phone=\u00a0\u00bboff\u00a0\u00bb]<\/p>\n<p>D\u00e9coudre la trame du quotidien, fil \u00e0 fil. D\u00e9placer le regard, dans un glissement m\u00e9taphorique. Tirer l\u2019extraordinaire de l\u2019ordinaire, ouvrir grand les possibles. Accomplir un grand voyage dans un tout petit geste, \u00e9panouir la possibilit\u00e9 d\u2019imaginer.<\/p>\n<p>C\u2019est l\u2019exploration artistique, men\u00e9e de mille fa\u00e7ons, qui occupe Julien Galardon et Gildwen Peronno. De la po\u00e9sie de Cl\u00e9mence de Clamard (ou de Hic et Nunc) \u00e0 la folie douce de I killed the monster, de l\u2019anti-western \u00e9pique de Celle qui marche loin aux images d\u00e9licates de Sploutsch ! en passant par l\u2019absurde du Guichet des Anonymes, on retrouve en filigrane l\u2019essentiel : le rire, le r\u00eave, la fragilit\u00e9. L\u2019humain.<\/p>\n<p>Re-po\u00e9tiser le monde avec des spectacles, et pourquoi pas ?<br \/>Gildwen et Julien cr\u00e9ent la Cie du Roi Zizo en 2008 en m\u00eame temps que la ZUP! &#8211; Zone d\u2019Utopie Po\u00e9tique, th\u00e9\u00e2tre itin\u00e9rant qui trimballait son charme sur les routes de Bretagne. Dans leurs cr\u00e9ations s\u2019entrem\u00ealent le th\u00e9\u00e2tre, la marionnette et l\u2019objet, pour raconter l\u2019en-de\u00e7\u00e0 du familier, la partie de notre monde qui \u00e9chappe \u00e0 nos yeux.<br \/>Au gr\u00e9 des rencontres artistiques, des collaborations se nouent, en France puis au Qu\u00e9bec. Des repr\u00e9sentations se programment \u00e0 l\u2019\u00e9tranger.<\/p>\n<p>De la rue \u00e0 la salle, en solo ou en duo, le tragique va main dans la main avec le comique, mais toujours avec la m\u00eame simplicit\u00e9, le m\u00eame rapport imm\u00e9diat au public.<br \/>Sp\u00e9cialistes du dispositif l\u00e9ger qui s\u2019implante aussi bien dans une m\u00e9diath\u00e8que que dans un th\u00e9\u00e2tre subventionn\u00e9, Julien et Gildwen ont \u00e9rig\u00e9 en art la rencontre avec le public, \u00e0 la faveur d\u2019un th\u00e9\u00e2tre qui r\u00e9concilie l\u2019exigence de qualit\u00e9 po\u00e9tique avec la volont\u00e9 d\u2019accueillir toutes les sensibilit\u00e9s.<\/p>\n<p>[\/et_pb_text][et_pb_text admin_label=\u00a0\u00bbTitre partenaires\u00a0\u00bb _builder_version=\u00a0\u00bb4.6.5&Prime; _module_preset=\u00a0\u00bbaf399d7e-a35c-4a3c-9448-a93571e7f79e\u00a0\u00bb background_image=\u00a0\u00bbhttps:\/\/roizizo.studio-piknik.com\/roizizo\/wp-content\/uploads\/2020\/08\/eclair_fond-titre.svg\u00a0\u00bb background_size=\u00a0\u00bbcontain\u00a0\u00bb custom_margin=\u00a0\u00bb10%||||false|false\u00a0\u00bb custom_padding=\u00a0\u00bb50px||50px||true|false\u00a0\u00bb]<\/p>\n<h1>Les partenaires<\/h1>\n<p>[\/et_pb_text][et_pb_text admin_label=\u00a0\u00bbTexte partenaires\u00a0\u00bb module_id=\u00a0\u00bblespartenaires\u00a0\u00bb _builder_version=\u00a0\u00bb4.6.5&Prime; _module_preset=\u00a0\u00bb43bcf397-1d6a-4276-9e70-ac7fb30537e9&Prime; hover_enabled=\u00a0\u00bb0&Prime; sticky_enabled=\u00a0\u00bb0&Prime;]<\/p>\n<p>RoiZIZO th\u00e9\u00e2tre a \u00e9t\u00e9 associ\u00e9 au Centre culturel Grain de Sel \u00e0 S\u00e9n\u00e9 de 2010 \u00e0 2016.<br \/>La compagnie a b\u00e9n\u00e9fici\u00e9 du soutien du d\u00e9partement du Morbihan de 2012 \u00e0 2019.<br \/>Aujourd\u2019hui elle est est soutenue par la R\u00e9gion Bretagne et Vannes Agglo Golfe du Morbihan pour des aides au fonctionnement.<\/p>\n<p>Celle qui Marche loin a re\u00e7u une aide \u00e0 la diffusion internationale de la R\u00e9gion Bretagne associ\u00e9e \u00e0 l\u2019Institut Fran\u00e7ais, une aide \u00e0 la cr\u00e9ation de la r\u00e9gion Bretagne ainsi qu\u2019une aide \u00e0 la production dramatique du Minist\u00e8re de la Culture &#8211; D R.A.C. Bretagne. Ce m\u00eame spectacle a \u00e9galement b\u00e9n\u00e9fici\u00e9 d\u2019aides \u00e0 la diffusion de Spectacle Vivant en Bretagne lors de sa tourn\u00e9e au Qu\u00e9bec (juillet 2019) ainsi que pour le Festival mondial des th\u00e9\u00e2tres de marionnettes (septembre 2019).<\/p>\n<p>[\/et_pb_text][\/et_pb_column][\/et_pb_row][\/et_pb_section]<\/p>\n","protected":false},"excerpt":{"rendered":"<p>Le projetD\u00e9coudre la trame du quotidien, fil \u00e0 fil. D\u00e9placer le regard, dans un glissement m\u00e9taphorique. Tirer l\u2019extraordinaire de l\u2019ordinaire, ouvrir grand les possibles. Accomplir un grand voyage dans un tout petit geste, \u00e9panouir la possibilit\u00e9 d\u2019imaginer. C\u2019est l\u2019exploration artistique, men\u00e9e de mille fa\u00e7ons, qui occupe Julien Galardon et Gildwen Peronno. De la po\u00e9sie de [&hellip;]<\/p>\n","protected":false},"author":1,"featured_media":0,"parent":0,"menu_order":0,"comment_status":"closed","ping_status":"closed","template":"","meta":{"_et_pb_use_builder":"on","_et_pb_old_content":"","_et_gb_content_width":""},"_links":{"self":[{"href":"https:\/\/roizizo.studio-piknik.com\/roizizo\/wp-json\/wp\/v2\/pages\/231624"}],"collection":[{"href":"https:\/\/roizizo.studio-piknik.com\/roizizo\/wp-json\/wp\/v2\/pages"}],"about":[{"href":"https:\/\/roizizo.studio-piknik.com\/roizizo\/wp-json\/wp\/v2\/types\/page"}],"author":[{"embeddable":true,"href":"https:\/\/roizizo.studio-piknik.com\/roizizo\/wp-json\/wp\/v2\/users\/1"}],"replies":[{"embeddable":true,"href":"https:\/\/roizizo.studio-piknik.com\/roizizo\/wp-json\/wp\/v2\/comments?post=231624"}],"version-history":[{"count":19,"href":"https:\/\/roizizo.studio-piknik.com\/roizizo\/wp-json\/wp\/v2\/pages\/231624\/revisions"}],"predecessor-version":[{"id":234634,"href":"https:\/\/roizizo.studio-piknik.com\/roizizo\/wp-json\/wp\/v2\/pages\/231624\/revisions\/234634"}],"wp:attachment":[{"href":"https:\/\/roizizo.studio-piknik.com\/roizizo\/wp-json\/wp\/v2\/media?parent=231624"}],"curies":[{"name":"wp","href":"https:\/\/api.w.org\/{rel}","templated":true}]}}