{"id":19,"date":"2020-02-03T16:33:12","date_gmt":"2020-02-03T15:33:12","guid":{"rendered":"https:\/\/roizizo.studio-piknik.com\/roizizo\/?page_id=19"},"modified":"2021-09-08T11:22:28","modified_gmt":"2021-09-08T09:22:28","slug":"agenda","status":"publish","type":"page","link":"https:\/\/roizizo.studio-piknik.com\/roizizo\/agenda\/","title":{"rendered":"Agenda"},"content":{"rendered":"<p>[et_pb_section fb_built=\u00a0\u00bb1&Prime; custom_padding_last_edited=\u00a0\u00bbon|tablet\u00a0\u00bb _builder_version=\u00a0\u00bb4.6.5&Prime; _module_preset=\u00a0\u00bbdefault\u00a0\u00bb background_color=\u00a0\u00bbrgba(0,0,0,0)\u00a0\u00bb z_index=\u00a0\u00bb1&Prime; custom_padding=\u00a0\u00bb||7%||false|false\u00a0\u00bb custom_padding_tablet=\u00a0\u00bb0px||||false|false\u00a0\u00bb custom_padding_phone=\u00a0\u00bb\u00a0\u00bb custom_css_main_element=\u00a0\u00bbpadding-top:20px;\u00a0\u00bb][et_pb_row use_custom_gutter=\u00a0\u00bbon\u00a0\u00bb gutter_width=\u00a0\u00bb1&Prime; _builder_version=\u00a0\u00bb4.6.5&Prime; _module_preset=\u00a0\u00bbdefault\u00a0\u00bb background_color=\u00a0\u00bbrgba(0,0,0,0)\u00a0\u00bb width=\u00a0\u00bb100%\u00a0\u00bb width_tablet=\u00a0\u00bb100%\u00a0\u00bb width_phone=\u00a0\u00bb\u00a0\u00bb width_last_edited=\u00a0\u00bbon|phone\u00a0\u00bb custom_padding=\u00a0\u00bb0px||||false|true\u00a0\u00bb][et_pb_column type=\u00a0\u00bb4_4&Prime; admin_label=\u00a0\u00bbCOLONNE SAISONS PASSEES\u00a0\u00bb _builder_version=\u00a0\u00bb4.6.5&Prime; _module_preset=\u00a0\u00bbdefault\u00a0\u00bb z_index=\u00a0\u00bb1&Prime; custom_padding_tablet=\u00a0\u00bb||30px||false|false\u00a0\u00bb custom_padding_phone=\u00a0\u00bb\u00a0\u00bb custom_padding_last_edited=\u00a0\u00bbon|phone\u00a0\u00bb sticky_position_tablet=\u00a0\u00bbnone\u00a0\u00bb sticky_position_phone=\u00a0\u00bb\u00a0\u00bb sticky_position_last_edited=\u00a0\u00bbon|desktop\u00a0\u00bb][et_pb_text admin_label=\u00a0\u00bbTITRE SAISON\u00a0\u00bb _builder_version=\u00a0\u00bb4.6.5&Prime; _module_preset=\u00a0\u00bb5fdf53f2-9fec-4a24-b9dc-283ec5cde660&Prime;]<\/p>\n<h1>Saison 2020-2021<\/h1>\n<p>[\/et_pb_text][dpevent_list dem_select_style=\u00a0\u00bbstyle2&Prime; dem_list_display_number_of_event=\u00a0\u00bb100&Prime; dem_orderby=\u00a0\u00bbevent_start_desc\u00a0\u00bb dem_time_format=\u00a0\u00bbtfhr\u00a0\u00bb dem_show_event=\u00a0\u00bbshow_upcomming_events\u00a0\u00bb dem_list_show_filter_options=\u00a0\u00bbdem_display_category_filter\u00a0\u00bb dem_list_category=\u00a0\u00bbspecificcategory\u00a0\u00bb include_categories=\u00a0\u00bb22,25,26,24,23,39&Prime; dem_list_default_category_filter=\u00a0\u00bb39&Prime; dem_list_hide_all_cat=\u00a0\u00bbon\u00a0\u00bb dem_list_view_pagination=\u00a0\u00bboff\u00a0\u00bb dem_list_show_read_more=\u00a0\u00bboff\u00a0\u00bb dem_filter_color=\u00a0\u00bb#393838&Prime; dem_filter_bg_color=\u00a0\u00bbrgba(0,0,0,0)\u00a0\u00bb dem_filter_active_color=\u00a0\u00bb#707070&Prime; dem_filter_active_bg_color=\u00a0\u00bbrgba(0,0,0,0)\u00a0\u00bb _builder_version=\u00a0\u00bb4.9.4&Prime; _module_preset=\u00a0\u00bbdefault\u00a0\u00bb header_font=\u00a0\u00bbBarlow Condensed|700|||||||\u00a0\u00bb header_text_color=\u00a0\u00bb#393838&Prime; header_font_size=\u00a0\u00bb26px\u00a0\u00bb dem_address_fonts_text_color=\u00a0\u00bb#000000&Prime; dem_date_fonts_font=\u00a0\u00bbBarlow Condensed|500|||||||\u00a0\u00bb dem_date_fonts_text_color=\u00a0\u00bb#393838&Prime; dem_date_fonts_font_size=\u00a0\u00bb24px\u00a0\u00bb dem_date_fonts_line_height=\u00a0\u00bb1.1em\u00a0\u00bb dem_description_name_fonts_font=\u00a0\u00bbRoboto||||||||\u00a0\u00bb dem_description_name_fonts_text_color=\u00a0\u00bb#393838&Prime; dem_description_name_fonts_font_size=\u00a0\u00bb12px\u00a0\u00bb dem_description_name_fonts_line_height=\u00a0\u00bb1.5em\u00a0\u00bb z_index=\u00a0\u00bb1&Prime; width_tablet=\u00a0\u00bb\u00a0\u00bb width_phone=\u00a0\u00bb\u00a0\u00bb width_last_edited=\u00a0\u00bbon|desktop\u00a0\u00bb hover_enabled=\u00a0\u00bb0&Prime; border_width_top=\u00a0\u00bb1px\u00a0\u00bb border_color_top=\u00a0\u00bb#e2e2e2&Prime; border_width_bottom=\u00a0\u00bb1px\u00a0\u00bb border_color_bottom=\u00a0\u00bb#e2e2e2&Prime; header_text_color__hover_enabled=\u00a0\u00bboff|hover\u00a0\u00bb header_text_color__hover=\u00a0\u00bb#ffed00&Prime; admin_label=\u00a0\u00bbCalendrier \u00e9v\u00e9nement en cours\u00a0\u00bb sticky_enabled=\u00a0\u00bb0&Prime;][\/dpevent_list][et_pb_text admin_label=\u00a0\u00bbEv\u00e9nements pass\u00e9s\u00a0\u00bb _builder_version=\u00a0\u00bb4.9.4&Prime; _module_preset=\u00a0\u00bb5fdf53f2-9fec-4a24-b9dc-283ec5cde660&Prime; header_text_align=\u00a0\u00bbcenter\u00a0\u00bb custom_padding=\u00a0\u00bb30px||0px||false|false\u00a0\u00bb hover_enabled=\u00a0\u00bb0&Prime; sticky_enabled=\u00a0\u00bb0&Prime;]<\/p>\n<h1>Ev\u00e9nements pass\u00e9s<\/h1>\n<p>[\/et_pb_text][dpevent_list dem_select_style=\u00a0\u00bbstyle2&Prime; dem_list_display_number_of_event=\u00a0\u00bb100&Prime; dem_orderby=\u00a0\u00bbevent_start_desc\u00a0\u00bb dem_time_format=\u00a0\u00bbtfhr\u00a0\u00bb dem_show_event=\u00a0\u00bbshow_past_events\u00a0\u00bb dem_list_category=\u00a0\u00bbspecificcategory\u00a0\u00bb include_categories=\u00a0\u00bb22,25,26,24,23,39&Prime; dem_list_view_pagination=\u00a0\u00bboff\u00a0\u00bb dem_list_show_read_more=\u00a0\u00bboff\u00a0\u00bb admin_label=\u00a0\u00bbCalendrier \u00e9v\u00e9nement pass\u00e9s\u00a0\u00bb _builder_version=\u00a0\u00bb4.9.4&Prime; _module_preset=\u00a0\u00bbdefault\u00a0\u00bb header_font=\u00a0\u00bbBarlow Condensed|700|||||||\u00a0\u00bb header_text_color=\u00a0\u00bb#393838&Prime; header_font_size=\u00a0\u00bb26px\u00a0\u00bb dem_address_fonts_text_color=\u00a0\u00bb#000000&Prime; dem_date_fonts_font=\u00a0\u00bbBarlow Condensed|500|||||||\u00a0\u00bb dem_date_fonts_text_color=\u00a0\u00bb#393838&Prime; dem_date_fonts_font_size=\u00a0\u00bb24px\u00a0\u00bb dem_date_fonts_line_height=\u00a0\u00bb1.1em\u00a0\u00bb dem_description_name_fonts_font=\u00a0\u00bbRoboto||||||||\u00a0\u00bb dem_description_name_fonts_text_color=\u00a0\u00bb#393838&Prime; dem_description_name_fonts_font_size=\u00a0\u00bb12px\u00a0\u00bb dem_description_name_fonts_line_height=\u00a0\u00bb1.5em\u00a0\u00bb z_index=\u00a0\u00bb1&Prime; width_tablet=\u00a0\u00bb\u00a0\u00bb width_phone=\u00a0\u00bb\u00a0\u00bb width_last_edited=\u00a0\u00bbon|desktop\u00a0\u00bb hover_enabled=\u00a0\u00bb0&Prime; border_width_top=\u00a0\u00bb1px\u00a0\u00bb border_color_top=\u00a0\u00bb#e2e2e2&Prime; border_width_bottom=\u00a0\u00bb1px\u00a0\u00bb border_color_bottom=\u00a0\u00bb#e2e2e2&Prime; header_text_color__hover_enabled=\u00a0\u00bboff|hover\u00a0\u00bb header_text_color__hover=\u00a0\u00bb#ffed00&Prime; sticky_enabled=\u00a0\u00bb0&Prime;][\/dpevent_list][\/et_pb_column][\/et_pb_row][\/et_pb_section]<\/p>\n","protected":false},"excerpt":{"rendered":"<p>Saison 2020-2021<div class=\"et_pb_with_border et_pb_module dpevent_list dpevent_list_0\">\n\t\t\t\t\n\t\t\t\t\n\t\t\t\t\n\t\t\t\t\n\t\t\t\t\n\t\t\t\t\n\t\t\t\t<div class=\"et_pb_module_inner\">\n\t\t\t\t\t<ul class=\"dem_list_category_filter_list\" id=\"list_filter\"><li><a href=\"?dem_cat=39&dem_wpnonce=806fb5d098\" class=\"et_smooth_scroll_disabled dem_list_filter active\" data-filter=\".cat-39\" ><span>Toute la saison 2020-2021<\/span><\/a><\/li><li><a href=\"?dem_cat=26&dem_wpnonce=806fb5d098\" class=\"et_smooth_scroll_disabled dem_list_filter \" data-filter=\".cat-26\" ><span>Guichet des anonymes<\/span><\/a><\/li><li><a href=\"?dem_cat=25&dem_wpnonce=806fb5d098\" class=\"et_smooth_scroll_disabled dem_list_filter \" data-filter=\".cat-25\" ><span>Cl\u00e9mence de Clamard<\/span><\/a><\/li><li><a href=\"?dem_cat=24&dem_wpnonce=806fb5d098\" class=\"et_smooth_scroll_disabled dem_list_filter \" data-filter=\".cat-24\" ><span>I killed the monster<\/span><\/a><\/li><li><a href=\"?dem_cat=23&dem_wpnonce=806fb5d098\" class=\"et_smooth_scroll_disabled dem_list_filter \" data-filter=\".cat-23\" ><span>Sploutch !<\/span><\/a><\/li><li><a href=\"?dem_cat=22&dem_wpnonce=806fb5d098\" class=\"et_smooth_scroll_disabled dem_list_filter \" data-filter=\".cat-22\" ><span>Celle qui marche loin<\/span><\/a><\/li><\/ul><div class=\" dem_list_main et_pb_gutters2  dem_equalheight dem_list_style2 \">Bient\u00f4t, ce spectacle \u00e0 nouveau en tourn\u00e9e ;-)\n\t\t\t\t<\/div>\n\t\t\t<\/div>Ev\u00e9nements pass\u00e9s<div class=\"et_pb_module dpevent_list dpevent_list_1\">\n\t\t\t\t\n\t\t\t\t\n\t\t\t\t\n\t\t\t\t\n\t\t\t\t\n\t\t\t\t\n\t\t\t\t<div class=\"et_pb_module_inner\">\n\t\t\t\t\t<div class=\" dem_list_main et_pb_gutters2  dem_equalheight dem_list_\u00bbstyle2&Prime; \"><div class=\"et_pb_row_custom_pagination pagination-container\"><nav class=\"navigation dem_pagination\"><div class=\"nav-links\"><span aria-current=\"page\" class=\"page-numbers current\">1<\/span>\n<a class=\"page-numbers\" href=\"https:\/\/roizizo.studio-piknik.com\/roizizo\/wp-json\/wp\/v2\/pages\/19\/page\/2\">2<\/a>\n<a class=\"next page-numbers\" href=\"https:\/\/roizizo.studio-piknik.com\/roizizo\/wp-json\/wp\/v2\/pages\/19\/page\/2\"><span class=\"et-pb-icon\">&#x35;<\/span><\/a><\/div><\/nav><\/div><\/div>\n\t\t\t\t<\/div>\n\t\t\t<\/div><\/p>\n","protected":false},"author":1,"featured_media":0,"parent":0,"menu_order":0,"comment_status":"closed","ping_status":"closed","template":"","meta":{"_et_pb_use_builder":"on","_et_pb_old_content":"","_et_gb_content_width":""},"_links":{"self":[{"href":"https:\/\/roizizo.studio-piknik.com\/roizizo\/wp-json\/wp\/v2\/pages\/19"}],"collection":[{"href":"https:\/\/roizizo.studio-piknik.com\/roizizo\/wp-json\/wp\/v2\/pages"}],"about":[{"href":"https:\/\/roizizo.studio-piknik.com\/roizizo\/wp-json\/wp\/v2\/types\/page"}],"author":[{"embeddable":true,"href":"https:\/\/roizizo.studio-piknik.com\/roizizo\/wp-json\/wp\/v2\/users\/1"}],"replies":[{"embeddable":true,"href":"https:\/\/roizizo.studio-piknik.com\/roizizo\/wp-json\/wp\/v2\/comments?post=19"}],"version-history":[{"count":326,"href":"https:\/\/roizizo.studio-piknik.com\/roizizo\/wp-json\/wp\/v2\/pages\/19\/revisions"}],"predecessor-version":[{"id":234996,"href":"https:\/\/roizizo.studio-piknik.com\/roizizo\/wp-json\/wp\/v2\/pages\/19\/revisions\/234996"}],"wp:attachment":[{"href":"https:\/\/roizizo.studio-piknik.com\/roizizo\/wp-json\/wp\/v2\/media?parent=19"}],"curies":[{"name":"wp","href":"https:\/\/api.w.org\/{rel}","templated":true}]}}